{"id":243,"date":"2018-01-18T08:46:57","date_gmt":"2018-01-18T07:46:57","guid":{"rendered":"http:\/\/defatch-demo.com\/themes\/juster\/business\/?page_id=243"},"modified":"2018-11-22T17:41:00","modified_gmt":"2018-11-22T16:41:00","slug":"leistungen","status":"publish","type":"page","link":"https:\/\/www.gii.de\/giiweb\/leistungen\/","title":{"rendered":"LEISTUNGEN"},"content":{"rendered":"<p>[vc_row dt_padding_top=&#8220;60&#8243;][vc_column][vc_row_inner][vc_column_inner][vc_gallery interval=&#8220;5&#8243; images=&#8220;2207,2408,2205,2204,2203,2201,2232&#8243; img_size=&#8220;full&#8220;]<div style=\"clear:both; width:100%; height:40px\"><\/div>[\/vc_column_inner][\/vc_row_inner][\/vc_column][\/vc_row][vc_row][vc_column][vc_column_text]<\/p>\n<h4>Wirksame Kommunikation<\/h4>\n<p>[\/vc_column_text]<div style=\"clear:both; width:100%; height:15px\"><\/div>[vc_row_inner][vc_column_inner width=&#8220;1\/2&#8243;][vc_column_text]Wir erarbeiten gemeinsam mit Ihnen Themen f\u00fcr PR-Aktivit\u00e4ten und w\u00e4hlen geeignete Pr\u00e4sentationsformen zur effektiven Darstellung Ihrer Produkte, Leistungen und Technologien. Auf Basis unserer Branchenerfahrung schlagen wir Fachmedien, Kan\u00e4le oder Online-Portale vor, \u00fcber die Ihr Kundenkreis direkt zu erreichen ist.<\/p>\n<p>In enger Abstimmung mit Ihren Produktmanagern und Zust\u00e4ndigen aus dem Marketing konzipieren und gestalten wir f\u00fcr Sie Pressetexte unterschiedlicher Art und L\u00e4nge. Au\u00dferdem kreieren wir Illustrationen, Infografiken, Visualisierungen und 3D-Animationen, Case Studies, Success Stories, Postings und Blog-Beitr\u00e4ge, Kunden- und Mitarbeiterzeitschriften und andere Arten von Content nach individuellem Bedarf.[\/vc_column_text][\/vc_column_inner][vc_column_inner width=&#8220;1\/2&#8243;][vc_column_text]Pressetexte werden von uns in einflussreichen Medien platziert. F\u00fcr Streumeldungen beispielsweise w\u00e4hlen wir individuell differenzierte, optimal zugeschnittene Verteiler aus, die auf spezifische Branchen und Segmente fokussieren. Unsere guten Beziehungen zu einschl\u00e4gigen Fachmagazinen und unser Ruf, hochwertige Beitr\u00e4ge zu liefern, \u00f6ffnen Ihnen au\u00dferdem die T\u00fcren f\u00fcr eine Einzelplatzierung ausf\u00fchrlicher Artikel, die hohe Beachtung findet. Zu den f\u00fcr Sie relevanten Medienpartnern halten wir laufend Kontakt. Dabei ergreifen wir auch Gelegenheiten, f\u00fcr Sie besonders interessante Pr\u00e4senzen zu erwirken. In der Online-Kommunikation unterst\u00fctzen wir Sie dabei, die richtigen digitalen Wege und Mittel f\u00fcr Ihre Ziele zu finden, und liefern dann Plattform-spezifische Inhalte daf\u00fcr.[\/vc_column_text][\/vc_column_inner][\/vc_row_inner][\/vc_column][\/vc_row][vc_row dt_id=&#8220;mediaplanung&#8220;][vc_column]<div style=\"clear:both; width:100%; height:40px\"><\/div>[vc_row_inner][vc_column_inner width=&#8220;1\/2&#8243;][vc_column_text]<\/p>\n<h4>Media-Beobachtung<\/h4>\n<p>[\/vc_column_text]<div style=\"clear:both; width:100%; height:15px\"><\/div>[vc_column_text]<\/p>\n<p style=\"text-align: justify;\">Der Erfolg von PR-Ma\u00dfnahmen ist nicht in jeder Hinsicht einfach zu messen. Ein wichtiger Indikator ist aber die Erfassung der tats\u00e4chlich erreichten Medienpr\u00e4senz. Wir sichten deshalb laufend alle wichtigen deutschsprachigen Magazine, Zeitschriften und Online-Portale aus den f\u00fcr Sie relevanten Branchen. Wir protokollieren f\u00fcr Sie dort erfolgte Ver\u00f6ffentlichungen und stellen Ihnen Auswertungen einschlie\u00dflich Auflagen- und Nutzungsdaten zur Verf\u00fcgung.<\/p>\n<p>[\/vc_column_text][vc_column_text]<\/p>\n<p style=\"text-align: justify;\">Auf Wunsch beobachten und dokumentieren wir dar\u00fcber hinaus Ver\u00f6ffentlichungen Ihrer Marktbegleiter. Auf Anforderung stellen wir auch Volltexte von Printpublikationen samt daf\u00fcr erforderlichen Nutzungslizenzen bereit.<\/p>\n<p>[\/vc_column_text][\/vc_column_inner][vc_column_inner width=&#8220;1\/2&#8243;][vc_column_text]<\/p>\n<h4>Marketing und Werbung<\/h4>\n<p>[\/vc_column_text]<div style=\"clear:both; width:100%; height:15px\"><\/div>[vc_column_text]<\/p>\n<p style=\"text-align: justify;\">Gern unterst\u00fctzen wir Sie bei der Neu- oder Weiterentwicklung schlagkr\u00e4ftiger Marketing- und Vertriebsstrategien. Au\u00dferdem passen wir diese mit Ihnen an, um PR-Aktivit\u00e4ten m\u00f6glichst wirksam f\u00fcr Ihre Ziele einzubinden.<\/p>\n<p style=\"text-align: justify;\">Nach individueller Vereinbarung k\u00f6nnen wir dar\u00fcber hinaus Ihre PR-Kommunikation \u2013 soweit erforderlich in Abstimmung mit einer f\u00fcr Sie aktiven Werbeagentur \u2013 durch eine professionelle Media-Planung begleiten und vorteilhafte Schaltungskonditionen f\u00fcr Sie verhandeln.<\/p>\n<p>[\/vc_column_text][\/vc_column_inner][\/vc_row_inner]<div style=\"clear:both; width:100%; height:40px\"><\/div>[\/vc_column][\/vc_row]<\/p>\n","protected":false},"excerpt":{"rendered":"<p>[vc_row dt_padding_top=&#8220;60&#8243;][vc_column][vc_row_inner][vc_column_inner][vc_gallery interval=&#8220;5&#8243; images=&#8220;2207,2408,2205,2204,2203,2201,2232&#8243; img_size=&#8220;full&#8220;][\/vc_column_inner][\/vc_row_inner][\/vc_column][\/vc_row][vc_row][vc_column][vc_column_text] Wirksame Kommunikation [\/vc_column_text][vc_row_inner][vc_column_inner width=&#8220;1\/2&#8243;][vc_column_text]Wir erarbeiten gemeinsam mit Ihnen Themen f\u00fcr PR-Aktivit\u00e4ten und w\u00e4hlen geeignete Pr\u00e4sentationsformen zur effektiven Darstellung Ihrer Produkte,&#8230;<\/p>\n<p class=\"readmore\"><a class=\"more-btn\" href=\"https:\/\/www.gii.de\/giiweb\/leistungen\/\">Read More<\/a><\/p>\n","protected":false},"author":2,"featured_media":0,"parent":0,"menu_order":0,"comment_status":"closed","ping_status":"closed","template":"","meta":[],"_links":{"self":[{"href":"https:\/\/www.gii.de\/giiweb\/wp-json\/wp\/v2\/pages\/243"}],"collection":[{"href":"https:\/\/www.gii.de\/giiweb\/wp-json\/wp\/v2\/pages"}],"about":[{"href":"https:\/\/www.gii.de\/giiweb\/wp-json\/wp\/v2\/types\/page"}],"author":[{"embeddable":true,"href":"https:\/\/www.gii.de\/giiweb\/wp-json\/wp\/v2\/users\/2"}],"replies":[{"embeddable":true,"href":"https:\/\/www.gii.de\/giiweb\/wp-json\/wp\/v2\/comments?post=243"}],"version-history":[{"count":87,"href":"https:\/\/www.gii.de\/giiweb\/wp-json\/wp\/v2\/pages\/243\/revisions"}],"predecessor-version":[{"id":2409,"href":"https:\/\/www.gii.de\/giiweb\/wp-json\/wp\/v2\/pages\/243\/revisions\/2409"}],"wp:attachment":[{"href":"https:\/\/www.gii.de\/giiweb\/wp-json\/wp\/v2\/media?parent=243"}],"curies":[{"name":"wp","href":"https:\/\/api.w.org\/{rel}","templated":true}]}}